{"id":41,"date":"2020-05-07T16:11:12","date_gmt":"2020-05-07T16:11:12","guid":{"rendered":"http:\/\/magicofbooks.blog\/?page_id=41"},"modified":"2021-03-30T22:55:34","modified_gmt":"2021-03-30T22:55:34","slug":"zitate","status":"publish","type":"page","link":"https:\/\/magicofbooks.blog\/?page_id=41","title":{"rendered":"Zitate"},"content":{"rendered":"\n<div class=\"wp-block-group\"><div class=\"wp-block-group__inner-container\">\n<h1><em><span class=\"has-inline-color has-pale-pink-color\">Aus B\u00fccher<\/span><\/em><\/h1>\n\n\n\n<h3><span style=\"text-decoration: underline;\"><span class=\"has-inline-color has-vivid-purple-color\">New Adult<\/span><\/span><\/h3>\n\n\n\n<h4>Someone Reihe (Laura Kneidl)<\/h4>\n\n\n\n<blockquote class=\"wp-block-quote\"><p>F\u00fcr mich gab es nichts Sch\u00f6neres, als in fremde Welten einzutauchen und Abenteuer zu erleben, die sich mir in Wirklichkeit nie stellen w\u00fcrden.<\/p><p>&#8211; Cassie (Someone Else)<\/p><\/blockquote>\n\n\n\n<hr class=\"wp-block-separator\"\/>\n\n\n\n<h4>Das Schicksal ist ein mieser Verr\u00e4ter (John Green)<\/h4>\n\n\n\n<blockquote class=\"wp-block-quote\"><p>Schmerz verlangt gesp\u00fcrt zu werden<\/p><p>&#8211; Hazel Langcaster<\/p><\/blockquote>\n\n\n\n<hr class=\"wp-block-separator is-style-dots\"\/>\n\n\n\n<blockquote class=\"wp-block-quote\"><p>Manchmal liest man ein Buch und es erf\u00fcllt einem mit diesem seltsamen Missionstrieb und du bist \u00fcberzeugt, dass die kaputte Welt nur geheilt werden kann, wenn alle Menschen dieser Erde dieses eine Buch gelesen haben.<\/p><p>&#8211; Hazel Langcaster<\/p><\/blockquote>\n\n\n\n<hr class=\"wp-block-separator\"\/>\n\n\n\n<h3><span style=\"text-decoration: underline;\"><span class=\"has-inline-color has-vivid-purple-color\">Fantasy<\/span><\/span><\/h3>\n\n\n\n<h4>Harry Potter (J.K. Rowling)<\/h4>\n\n\n\n<blockquote class=\"wp-block-quote\"><p>Aber glaub mir, dass man Gl\u00fcck und zuversicht selbst in Zeiten der Dunkelheit zu finden vermag. Man darf nur nicht vergessen ein Licht leuchten zu lassen.<\/p><p>&#8211; Albus Dumbledore (Harry Potter und der Gefangene von Azkaban)<\/p><\/blockquote>\n\n\n\n<hr class=\"wp-block-separator is-style-dots\"\/>\n\n\n\n<blockquote class=\"wp-block-quote\"><p>Viel mehr, als unsere F\u00e4higkeiten, sind es unsere Entscheidungen, die zeigen, wer wir wirklich sind.<\/p><p>&#8211; Albus Dumbledore<\/p><\/blockquote>\n\n\n\n<blockquote class=\"wp-block-quote\"><p>Sich anzustrengen ist wichtig, aber es gibt etwas was noch wichtiger ist. Ihr m\u00fcsst immer an euch glauben.<\/p><p>&#8211; Severus Snape<\/p><\/blockquote>\n\n\n\n<hr class=\"wp-block-separator\"\/>\n\n\n\n<h4>Prinzessin der Elfen (Nicole Alfa)<\/h4>\n\n\n\n<blockquote class=\"wp-block-quote\"><p>In meinem Leben gibt es viel Dunkelheit. Aber dann sind da die Sterne, die Licht in diese Dunkelheit bringen. Manche leuchten dunkler, manche heller als andere.                                                                                                                                                             Aber du bist der hellste von allen.<\/p><p>&#8211; Daan <\/p><\/blockquote>\n\n\n\n\n\n<hr class=\"wp-block-separator\"\/>\n\n\n\n<h4>Percy Jackson<\/h4>\n\n\n\n<blockquote class=\"wp-block-quote\"><p><\/p><\/blockquote>\n\n\n\n<h4>Helden des Olymp<\/h4>\n\n\n\n<blockquote class=\"wp-block-quote\"><p><\/p><\/blockquote>\n\n\n\n<h4>City of Bones<\/h4>\n\n\n\n<blockquote class=\"wp-block-quote\"><p>Die schrecklichsten Dinge, zu denen Menschen f\u00e4hig sind, tun sie im Namen der Liebe.<\/p><p>&#8211; Jace Wayland<\/p><\/blockquote>\n\n\n\n<div style=\"height:100px\" aria-hidden=\"true\" class=\"wp-block-spacer\"><\/div>\n\n\n\n<h1><span class=\"has-inline-color has-pale-pink-color\"><em>Aus Serien<\/em><\/span><\/h1>\n\n\n\n<h3><span style=\"text-decoration: underline;\"><span class=\"has-inline-color has-vivid-purple-color\">Magie<\/span><\/span><\/h3>\n\n\n\n<h4>Once upon a time<\/h4>\n\n\n\n<blockquote class=\"wp-block-quote\"><p>Liebe funktioniert nicht auf diese Weise. Liebe &#8211; wahre Liebe &#8211; ist Magie. Und nicht nur irgendein Zauber. Der m\u00e4chtigste von allen.<\/p><p>&#8211; Regina Mills<\/p><\/blockquote>\n\n\n\n<hr class=\"wp-block-separator is-style-dots\"\/>\n\n\n\n<blockquote class=\"wp-block-quote\"><p>Unser Leben w\u00e4re ziemlich traurig, k\u00f6nnten wir Erinnerungen nicht bewahren.<\/p><\/blockquote>\n\n\n\n<hr class=\"wp-block-separator is-style-dots\"\/>\n\n\n\n<blockquote class=\"wp-block-quote\"><p>Die Leute erz\u00e4hlen dir dein ganzes Leben lang, wer du bist. Du musst aufstehen und sagen &#8222;Nein, so bin ich nicht. Ich bin ganz anders.&#8220;<\/p><p>&#8211; Emma Swan<\/p><\/blockquote>\n\n\n\n<hr class=\"wp-block-separator\"\/>\n\n\n\n<h3><span style=\"text-decoration: underline;\"><span class=\"has-inline-color has-vivid-purple-color\">\u00dcbernat\u00fcrlich<\/span><\/span><\/h3>\n\n\n\n<h4>The Vampire Diaries<\/h4>\n\n\n\n<blockquote class=\"wp-block-quote\"><p>Vertrauen entsteht nicht einfach so. Vertrauen verdient man sich.<\/p><p>&#8211; Elena Gilbert<\/p><\/blockquote>\n\n\n\n<hr class=\"wp-block-separator is-style-dots\"\/>\n\n\n\n<blockquote class=\"wp-block-quote\"><p>The worst day of loving someone, is the day you loose him.<\/p><p>&#8211; Elena Gilbert<\/p><\/blockquote>\n\n\n\n<hr class=\"wp-block-separator is-style-dots\"\/>\n\n\n\n<blockquote class=\"wp-block-quote\"><p>Ich war schonmal verliebt. Es ist schmerzhaft, sinnlos, und v\u00f6llig \u00fcberbewertet.<\/p><p>&#8211; Damon Salvatore<\/p><\/blockquote>\n\n\n\n<hr class=\"wp-block-separator is-style-dots\"\/>\n\n\n\n<blockquote class=\"wp-block-quote\"><p>Ich w\u00fcrde sagen du bist verzweifelt oder l\u00fcgst&#8230; oder bist betrunken. Oder du bist verzweifelt, l\u00fcgst und bist betrunken.<\/p><p>&#8211; Damon Salvatore<\/p><\/blockquote>\n\n\n\n<hr class=\"wp-block-separator is-style-dots\"\/>\n\n\n\n<blockquote class=\"wp-block-quote\"><p>Whenever anyone tell me I can\u00b4t do something I prove them went.<\/p><p>&#8211; Caroline Forbes<\/p><\/blockquote>\n\n\n\n<hr class=\"wp-block-separator is-style-dots\"\/>\n\n\n\n<blockquote class=\"wp-block-quote\"><p>Family is Power.<\/p><p>&#8211; Elijah Mikaelson<\/p><\/blockquote>\n\n\n\n<hr class=\"wp-block-separator is-style-dots\"\/>\n\n\n\n<blockquote class=\"wp-block-quote\"><p>Ich kann nichts f\u00fcr meine Gef\u00fchle, aber f\u00fcr meine Taten bin ich verantwortlich.<\/p><p>&#8211; Elijah Mikaelson<\/p><\/blockquote>\n\n\n\n<hr class=\"wp-block-separator is-style-dots\"\/>\n\n\n\n<blockquote class=\"wp-block-quote\"><p>Er ist deine erste Liebe. Ich beabsichtige deine letzte zu sein &#8230; egal wie lange es dauert.<\/p><p>&#8211; Klaus Mikaelson<\/p><\/blockquote>\n\n\n\n<hr class=\"wp-block-separator\"\/>\n\n\n\n<h4>Shadowhunters<\/h4>\n\n\n\n<blockquote class=\"wp-block-quote\"><p>Liebe macht und st\u00e4rker.<\/p><p>&#8211; Simon Lewis<\/p><\/blockquote>\n\n\n\n<h4>Teen Wolf<\/h4>\n\n\n\n<blockquote class=\"wp-block-quote\"><p>Ein Traum ist keine Erinnerung.<\/p><p>&#8211; Stiles Stilinski<\/p><\/blockquote>\n\n\n\n<blockquote class=\"wp-block-quote\"><p>Perfekte Kombinationen sind selten in einer unvollkommenen Welt.<\/p><p>&#8211; Peter Hale <\/p><\/blockquote>\n\n\n\n<hr class=\"wp-block-separator\"\/>\n\n\n\n<h3><span style=\"text-decoration: underline;\"><span class=\"has-inline-color has-vivid-purple-color\">Superhelden<\/span><\/span><\/h3>\n\n\n\n<h4>Arrow<\/h4>\n\n\n\n<blockquote class=\"wp-block-quote\"><p>Auch eine Reise 1000 Meilen muss man mit den ersten Schritten beginnen.<\/p><p>&#8211; Shado<\/p><\/blockquote>\n\n\n\n<blockquote class=\"wp-block-quote\"><p>Ich wei\u00df, du hast so viel Schmerz ertragen m\u00fcssen, dass du wahrscheinlich glaubst er geh\u00f6rt zu deinem Leben, aber du kannst dich davon l\u00f6sen.<\/p><p>&#8211; Oliver Queen<\/p><\/blockquote>\n\n\n\n<hr class=\"wp-block-separator\"\/>\n\n\n\n<h4>The Flash<\/h4>\n\n\n\n<blockquote class=\"wp-block-quote\"><p>Manche Menschen sind es wert sich wegen ihnen Verr\u00fcckt zu machen.<\/p><p>&#8211; Barry Allen<\/p><\/blockquote>\n\n\n\n<hr class=\"wp-block-separator is-style-dots\"\/>\n\n\n\n<blockquote class=\"wp-block-quote\"><p>Angst h\u00e4lt dich davon ab zu dem zu werde, zu dem du bestimmt bist.<\/p><p>&#8211; Barry Allen <\/p><\/blockquote>\n\n\n\n<hr class=\"wp-block-separator is-style-dots\"\/>\n\n\n\n<blockquote class=\"wp-block-quote\"><p>Angst ist nichts schlechtes. Angst h\u00e4lt uns am Leben.<\/p><p>&#8211; Joe West<\/p><\/blockquote>\n\n\n\n<h3><span class=\"has-inline-color has-vivid-purple-color\"><span style=\"text-decoration: underline;\">Mythologie<\/span><\/span><\/h3>\n\n\n\n<h4>Luzifer<\/h4>\n\n\n\n<blockquote class=\"wp-block-quote\"><p>Ich habe so viele Menschen getroffen, die so besch\u00e4ftigt waren ihr Leben zu kontrollieren, dass sie vergessen es zu leben.<\/p><p>&#8211; Luzifer Morgenstern<\/p><\/blockquote>\n\n\n\n<blockquote class=\"wp-block-quote\"><p>Ich wurde noch nie irgendwo rausgeschmissen, abgesehen vom Himmel, nat\u00fcrlich.<\/p><p>&#8211; Luzifer Morgenstern<\/p><\/blockquote>\n\n\n\n<h3><span style=\"text-decoration: underline;\"><span class=\"has-inline-color has-vivid-purple-color\">Vergangene Zeit<\/span><\/span><\/h3>\n\n\n\n<h4>Reign<\/h4>\n\n\n\n<blockquote class=\"wp-block-quote\"><p>Es ist schrecklich. Besonders wenn wir denken wir k\u00f6nnten den anderen retten. K\u00f6nnen wir nicht. Wir k\u00f6nnen nur einander lieben.<\/p><p>&#8211; Mary Stuart , Queen of Scott<\/p><\/blockquote>\n\n\n\n<hr class=\"wp-block-separator is-style-dots\"\/>\n\n\n\n<blockquote class=\"wp-block-quote\"><p>Wir sind nicht verantwortlich f\u00fcr unsere Herzen, sondern f\u00fcr unser Handeln.<\/p><p>&#8211; Mary Stuart , Queen of Scott<\/p><\/blockquote>\n\n\n\n<h4>Anne with an E<\/h4>\n\n\n\n<blockquote class=\"wp-block-quote\"><p>Tell me, and I forget. Teach me, and I remember. Involve me, and I learn.<\/p><p>&#8211; Anne Shirley Cuthberg<\/p><\/blockquote>\n\n\n\n<hr class=\"wp-block-separator is-style-dots\"\/>\n\n\n\n<blockquote class=\"wp-block-quote\"><p>Art, the ability to make it, gives meaning to sadness in a way that many aren\u00b4t able to experience.<\/p><\/blockquote>\n\n\n\n<h3><span style=\"text-decoration: underline;\"><span class=\"has-inline-color has-vivid-purple-color\">Mystery<\/span><\/span><\/h3>\n\n\n\n<h4>Pretty Little Liars<\/h4>\n\n\n\n<blockquote class=\"wp-block-quote\"><p>Das Leben ist nicht immer romantisch. Manchmal ist es auch realistisch.<\/p><p>&#8211; Ezra Fitz<\/p><\/blockquote>\n\n\n\n<hr class=\"wp-block-separator is-style-dots\"\/>\n\n\n\n<blockquote class=\"wp-block-quote\"><p>Wenn L\u00fcgen ein Verbrechen w\u00e4re, w\u00fcrden wir alle im Gef\u00e4ngnis sein.<\/p><\/blockquote>\n\n\n\n<hr class=\"wp-block-separator is-style-dots\"\/>\n\n\n\n<blockquote class=\"wp-block-quote\"><p>Geheimnisse sind nicht nur Geheimnisse, sie sind Waffen, die man rausholt, wenn man sie braucht.<\/p><\/blockquote>\n\n\n\n<blockquote class=\"wp-block-quote\"><p>Du kannst in dieser Welt alles sein, was du willst, aber das eine, dass du nicht sein kannst, ist schwach.<\/p><\/blockquote>\n\n\n\n<blockquote class=\"wp-block-quote\"><p>Hoffnung bedeutet ewig wehrendes Leiden.<\/p><p>Spencer Hastings<\/p><\/blockquote>\n\n\n\n<hr class=\"wp-block-separator is-style-dots\"\/>\n\n\n\n<blockquote class=\"wp-block-quote\"><p>Ich bin auf keiner Seite, weil Dinge nie nur Schwarz oder Wei\u00df sind.<\/p><p>&#8211; Spencer Hastings<\/p><\/blockquote>\n\n\n\n<hr class=\"wp-block-separator is-style-dots\"\/>\n\n\n\n<blockquote class=\"wp-block-quote\"><p>Reiche M\u00e4dchen stehlen, die h\u00fcbschen L\u00fcgen, schlaue M\u00e4dchen stellen sich dumm und die dummen wollen so sein wie die oben genannten.<\/p><p>&#8211; Caleb Rivers<\/p><\/blockquote>\n\n\n\n<hr class=\"wp-block-separator is-style-dots\"\/>\n\n\n\n<blockquote class=\"wp-block-quote\"><p>Freunde k\u00f6nnen sehr streng sein. Vielleicht, weil sie mehr von einem erwarten als andere. Fremde sehen oft nur das Bild, das wir ihnen zeigen, aber Freunden kann man nichts vormachen. Das macht sie zu Freunden.<\/p><\/blockquote>\n\n\n\n<hr class=\"wp-block-separator\"\/>\n\n\n\n<h4>Riverdale<\/h4>\n\n\n\n<blockquote class=\"wp-block-quote\"><p>Sarkastischer Humor ist meine Art die Welt zu verstehen.<\/p><p>&#8211; Jughead Jones<\/p><\/blockquote>\n\n\n\n<hr class=\"wp-block-separator is-style-dots\"\/>\n\n\n\n<blockquote class=\"wp-block-quote\"><p>Ich befolge die Regeln nicht. Ich mache sie. Und wenn n\u00f6tig breche ich sie.<\/p><p>&#8211; Veronica Lodge<\/p><\/blockquote>\n\n\n\n<h3><span style=\"text-decoration: underline;\"><span class=\"has-inline-color has-vivid-purple-color\">High Society<\/span><\/span><\/h3>\n\n\n\n<h4>Gossip Girl<\/h4>\n\n\n\n<blockquote class=\"wp-block-quote\"><p>Die Vergangenheit wartet immer. Sie ist immer da, und wartet darauf, der Gegenwart in die Quere zu kommen.<\/p><\/blockquote>\n\n\n\n<h3><span style=\"text-decoration: underline;\"><span class=\"has-inline-color has-vivid-purple-color\">Zum Lachen<\/span><\/span><\/h3>\n\n\n\n<h4>How I met your mother<\/h4>\n\n\n\n<blockquote class=\"wp-block-quote\"><p>Kinder, man kann sich nicht an die Vergangenheit klammern. Denn egal wie fest man sich an sie klammert &#8230; schon ist sie weg.<\/p><p>&#8211; Ted Mosbey<\/p><\/blockquote>\n\n\n\n<h4>Modern Family<\/h4>\n\n\n\n<blockquote class=\"wp-block-quote\"><p>In Kolumbien k\u00fcssen wir uns andauernd, weil ein Kuss viele verschiedene Bedeutungen haben kann.                                <\/p><p>Er kann den Beginn von etwas Neuem bedeuten.<br>Er kann bedeuten: Das ist der Menscg, den ich liebe.                                                                                                                Er kann romantisch sein.                                                                                                                                                           Er kann auch etwas sein, worauf es sich zu warten lohnt.<\/p><p>&#8211; Gloria<\/p><\/blockquote>\n\n\n\n<div style=\"height:100px\" aria-hidden=\"true\" class=\"wp-block-spacer\"><\/div>\n\n\n\n<h1><em><span class=\"has-inline-color has-pale-pink-color\">Aus Filmen<\/span><\/em><\/h1>\n\n\n\n<h3><span style=\"text-decoration: underline;\"><span class=\"has-inline-color has-vivid-purple-color\">Magie<\/span><\/span><\/h3>\n\n\n\n<h4>Harry Potter<\/h4>\n\n\n\n<blockquote class=\"wp-block-quote\"><p>Obgleich wir von verschiedenen Orten kommen und verschiedene Sprachen sprechen, unsere Herzen schlagen gemeinsam.<\/p><p>&#8211; Albus Dumbledore<\/p><\/blockquote>\n\n\n\n<h4>Herr der Ringe<\/h4>\n\n\n\n<blockquote class=\"wp-block-quote\"><p>Wir m\u00fcssen entscheiden, was wir mit der Zeit anfangen, die uns gegeben ist<\/p><\/blockquote>\n\n\n\n<blockquote class=\"wp-block-quote\"><p>Ich will in keine Schlacht ziehen. Aber auf eine zu warten, der man nicht entgehen kann, ist noch schlimmer.<\/p><\/blockquote>\n\n\n\n<h4>The Huntsman and the Ice Queen<\/h4>\n\n\n\n<blockquote class=\"wp-block-quote\"><p>Das b\u00f6se l\u00e4sst sich nicht endg\u00fcltig besiegen.<\/p><\/blockquote>\n\n\n\n<h3><span style=\"text-decoration: underline;\"><span class=\"has-inline-color has-vivid-purple-color\">Die Zukunft<\/span><\/span><\/h3>\n\n\n\n<h4>Tribute von Panem<\/h4>\n\n\n\n<blockquote class=\"wp-block-quote\"><p>Am besten gar nicht erst nachgeben. Sich wieder zusammen zu f\u00fcgen dauert zehnmal so lang, wie zu zerbrechen.<\/p><p>&#8211; Finnick<\/p><\/blockquote>\n\n\n\n<blockquote class=\"wp-block-quote\"><p>Manchmal habe ich f\u00fcrchterliches Heimweh. Aber dann f\u00e4llt mir ein, dass es nichts mehr gibt wonach ich Heimweh haben k\u00f6nnte.<\/p><\/blockquote>\n\n\n\n<h4>Die Bestimmung<\/h4>\n\n\n\n<blockquote class=\"wp-block-quote\"><p>Wer einem Menschen seine Erinnerung raubt, nimmt ihm seine Identit\u00e4t<\/p><\/blockquote>\n\n\n\n<h3><span class=\"has-inline-color has-vivid-purple-color\"><span style=\"text-decoration: underline;\">Superhelden<\/span><span style=\"text-decoration: underline;\"><\/span><\/span><\/h3>\n\n\n\n<h4>Avangers<\/h4>\n\n\n\n<blockquote class=\"wp-block-quote\"><p>Wenn die Welt beginnt sich zu beruhigen, wirft Gott einen Stein auf sie. Und glaubt mir, er holt schon zum Wurf aus.<\/p><p>&#8211; Ultron (Age of Ultron)<\/p><\/blockquote>\n\n\n\n<blockquote class=\"wp-block-quote\"><p>I love you 3000.<\/p><p>&#8211; Morgan Stark (Endgame)<\/p><\/blockquote>\n\n\n\n<h4>Spiderman<\/h4>\n\n\n\n<blockquote class=\"wp-block-quote\"><p>Aus gro\u00dfer Macht, folgt gro\u00dfe Verantwortung.<\/p><p>&#8211; Ben Parker<\/p><\/blockquote>\n\n\n\n<h4>Guardians of the Galaxy<\/h4>\n\n\n\n<blockquote class=\"wp-block-quote\"><p>Ich habe den gr\u00f6\u00dften Teil meines Lebens umgeben von Feinden gelebt. Es w\u00e4re mir eine Ehre, umgeben von Freunden zu sterben.<\/p><p>&#8211; Gamora<\/p><\/blockquote>\n\n\n\n<h3><span style=\"text-decoration: underline;\"><span class=\"has-inline-color has-vivid-purple-color\">Adult Romantik<\/span><\/span><\/h3>\n\n\n\n<h4>Titanic<\/h4>\n\n\n\n<blockquote class=\"wp-block-quote\"><p>Das Herz einer Frau ist ein tiefer Ozean voller Geheimnisse.<\/p><p>&#8211; Rose Dawson<\/p><\/blockquote>\n\n\n\n<h3><span style=\"text-decoration: underline;\"><span class=\"has-inline-color has-vivid-purple-color\">Adult Filme<\/span><\/span><\/h3>\n\n\n\n<h4>Fifty Shades of Grey<\/h4>\n\n\n\n<blockquote class=\"wp-block-quote\"><p>Wir trauern um etwas, das von Anfang an aussichtslos war. &#8211; Hoffnungen, Tr\u00e4ume und Erwartungen<\/p><\/blockquote>\n\n\n\n<h3><span style=\"text-decoration: underline;\"><span class=\"has-inline-color has-vivid-purple-color\">Teenie Romantik<\/span><\/span><\/h3>\n\n\n\n<h4>Das Schicksal ist ein mieser Verr\u00e4ter<\/h4>\n\n\n\n<blockquote class=\"wp-block-quote\"><p>Man kann nicht verhindern das man verletzt wird, aber man kann mitbestimmen von wem und ich bin gl\u00fccklich mit meiner Wahl.<\/p><p>&#8211; Augustus Waters <\/p><\/blockquote>\n\n\n\n<h3><span style=\"text-decoration: underline;\"><span class=\"has-inline-color has-vivid-purple-color\">Zeitreisen<\/span><\/span><\/h3>\n\n\n\n<h4>Smaragdgr\u00fcn<\/h4>\n\n\n\n<blockquote class=\"wp-block-quote\"><p>&#8222;Lass uns Freunde bleiben.&#8220;<\/p><p>Bestimmt stirbt jedesmal eine Fee, wenn irgendwo auf der Welt jemand diesen Satz ausspricht.<\/p><p>&#8211; Gwendolyn<\/p><\/blockquote>\n\n\n\n<blockquote class=\"wp-block-quote\"><p>Man kann die Zeit nicht aufhalten, aber f\u00fcr die Liebe bleibt sie manchmal stehen.<\/p><\/blockquote>\n\n\n\n<blockquote class=\"wp-block-quote\"><p>&#8230;das soll hei\u00dfen das ich nicht mehr ohne dich leben kann! Das sich alles um dich dreht! Und das macht mir verdammt nochmal Angst.<\/p><p>&#8211; Gideon de Villiers<\/p><\/blockquote>\n\n\n\n<h3><span style=\"text-decoration: underline;\"><span class=\"has-inline-color has-vivid-purple-color\">Action<\/span><\/span><\/h3>\n\n\n\n<h4>Fluch der Karibik<\/h4>\n\n\n\n<blockquote class=\"wp-block-quote\"><p>Das Problem ist nicht das Problem. Das Problem ist nur deine Einstellung zum Problem.<\/p><\/blockquote>\n\n\n\n<blockquote class=\"wp-block-quote\"><p>Sie sind ohne Zweifel der schlechteste Pirat von dem ich je geh\u00f6rt habe. &#8211; Aber ihr habt von mir geh\u00f6rt.<\/p><p>&#8211; Norrington und Captain Jack Sparrow<\/p><\/blockquote>\n\n\n\n<hr class=\"wp-block-separator is-style-dots\"\/>\n\n\n\n<blockquote class=\"wp-block-quote\"><p>Ihr werdet den Tag nie vergessen, an dem ihr Captain Jack Sparrow beinahe geschnappt h\u00e4ttet.<\/p><p>&#8211; Captain Jack Sparrow<\/p><\/blockquote>\n\n\n\n<h3><span style=\"text-decoration: underline;\"><span class=\"has-inline-color has-vivid-purple-color\">Music<\/span><\/span><\/h3>\n\n\n\n<h4>Mit der an meiner Seite<\/h4>\n\n\n\n<blockquote class=\"wp-block-quote\"><p>Manchmal braucht man ein wenig Abstand von den Menschen, die man liebt. Das hei\u00dft aber nicht, dass man sie deshalb weniger liebt. Manchmal liebt man sie dadurch sogar noch etwas mehr.<\/p><\/blockquote>\n\n\n\n<h3><span style=\"text-decoration: underline;\"><span class=\"has-inline-color has-vivid-purple-color\">Disney: Zeichentrick<\/span><\/span><\/h3>\n\n\n\n<h4>Mulan<\/h4>\n\n\n\n<blockquote class=\"wp-block-quote\"><p>Glaub daran das du es kannst, dann wirst du es auch k\u00f6nnen.<\/p><\/blockquote>\n\n\n\n<h4>Peter Pan<\/h4>\n\n\n\n<blockquote class=\"wp-block-quote\"><p>Alles was wir brauchen ist Glaube, Vertrauen und ein bisschen Feenstaub.<\/p><\/blockquote>\n\n\n\n<blockquote class=\"wp-block-quote\"><p>Erwachsen werden ist so eine babarische Angelegenheit&#8230; Voller Unannehmlichkeiten.<\/p><p>&#8211; Peter Pan<\/p><\/blockquote>\n\n\n\n<h4>Cinderella<\/h4>\n\n\n\n<blockquote class=\"wp-block-quote\"><p>Auch Wunder brauchen ein bisschen Zeit.<\/p><\/blockquote>\n\n\n\n<h4>Die Eisk\u00f6nigin<\/h4>\n\n\n\n<blockquote class=\"wp-block-quote\"><p><\/p><\/blockquote>\n\n\n\n<h4>K\u00fcss den Frosch<\/h4>\n\n\n\n<blockquote class=\"wp-block-quote\"><p>Wei\u00dft du was das Sch\u00f6ne an gutem Essen ist? Es bringt die unterschiedlichsten Menschen zusammen.<\/p><\/blockquote>\n\n\n\n<h4>Hercules<\/h4>\n\n\n\n<blockquote class=\"wp-block-quote\"><p>Ein wahrer Held wird nicht an der Gr\u00f6\u00dfe seiner Kraft gemessen, sondern an der Kraft seines Herzens.<\/p><\/blockquote>\n\n\n\n<h3><span style=\"text-decoration: underline;\"><span class=\"has-inline-color has-vivid-purple-color\">Disney: Realverfilmungen<\/span><\/span><\/h3>\n\n\n\n<h4>Beauty and the Beast<\/h4>\n\n\n\n<blockquote class=\"wp-block-quote\"><p>Denk an deinen allersehnlichsten Wunsch, sieh ihn in deinem innerem Auge und sp\u00fcre ihn in deinem Herzen.<\/p><p>&#8211; Beast<\/p><\/blockquote>\n\n\n\n<h4>Alice im Wunderland<\/h4>\n\n\n\n<blockquote class=\"wp-block-quote\"><p>Das unm\u00f6gliche zu schaffen, gelingt einem nur wenn man es f\u00fcr m\u00f6glich h\u00e4lt.<\/p><p>&#8211; Alice<\/p><\/blockquote>\n\n\n\n<div style=\"height:100px\" aria-hidden=\"true\" class=\"wp-block-spacer\"><\/div>\n\n\n\n<h1><span class=\"has-inline-color has-pale-pink-color\"><em>\u00dcber B\u00fccher<\/em><\/span><\/h1>\n\n\n\n<blockquote class=\"wp-block-quote\"><p>Von allen Welten die der Mensch erschaffen hat, ist die der B\u00fccher die gewaltigste.<\/p><p>&#8211; Heinrich Heine<\/p><\/blockquote>\n\n\n\n<hr class=\"wp-block-separator\"\/>\n\n\n\n<blockquote class=\"wp-block-quote\"><p>Dort wo man B\u00fccher verbrennt, verbrennt man am Ende auch Menschen.<\/p><p>&#8211; Heinrich Heine<\/p><\/blockquote>\n\n\n\n<hr class=\"wp-block-separator\"\/>\n\n\n\n<blockquote class=\"wp-block-quote\"><p>B\u00fccher sind Schiffe, welche die weiten Meere der Zeit durcheilen.<\/p><p>&#8211; Francis Bakon<\/p><\/blockquote>\n\n\n\n<hr class=\"wp-block-separator\"\/>\n\n\n\n<blockquote class=\"wp-block-quote\"><p>Wenn es ein Buch gibt das du wirklich lesen willst, aber das noch nicht geschrieben wurde, dann musst du es selbst schreiben.<\/p><p>&#8211; Toni Marrison<\/p><\/blockquote>\n\n\n\n<hr class=\"wp-block-separator\"\/>\n\n\n\n<blockquote class=\"wp-block-quote\"><p>Menschen sind wie B\u00fccher.                                                                                                                                                                 Au\u00dfen steht der Klappentext f\u00fcr den groben \u00dcberblick, und wenn man sie \u00f6ffnet und hineinschaut, kann man sie g\u00e4nzlich lesen.<\/p><p>&#8211; Carina Bortsch<\/p><\/blockquote>\n\n\n\n<hr class=\"wp-block-separator\"\/>\n\n\n\n<blockquote class=\"wp-block-quote\"><p>Wenn du was erreichen willst, lies so viel, wie du nur kannst.<\/p><p>&#8211; Ronald Dahl<\/p><\/blockquote>\n\n\n\n<hr class=\"wp-block-separator\"\/>\n\n\n\n<blockquote class=\"wp-block-quote\"><p>Kein gutes Buch, irgendwas gutes, zeigt seine guten Seiten zuerst.<\/p><p>&#8211; Thomas Carlyle<\/p><\/blockquote>\n\n\n\n<hr class=\"wp-block-separator\"\/>\n\n\n\n<blockquote class=\"wp-block-quote\"><p>Auch das schlechteste Buch hat seine guten Seiten. Die letzte.<\/p><p>&#8211; John Osborne<\/p><\/blockquote>\n\n\n\n<hr class=\"wp-block-separator\"\/>\n\n\n\n<blockquote class=\"wp-block-quote\"><p>Die Welt ist ein Buch. Wer nie reist, sieht nur eine Seite davon.<\/p><p>&#8211; Augustinus Aurelius<\/p><\/blockquote>\n\n\n\n<hr class=\"wp-block-separator\"\/>\n\n\n\n<blockquote class=\"wp-block-quote\"><p>Ein Buch muss die Axt sein, f\u00fcr das gefrorene Meer in uns.<\/p><p>&#8211; Franz Kafka<\/p><\/blockquote>\n\n\n\n<hr class=\"wp-block-separator\"\/>\n\n\n\n<blockquote class=\"wp-block-quote\"><p>In B\u00fcchern liegt die Seele aller gewesenen Zeit.<\/p><p>&#8211; Thomas Carlyle<\/p><\/blockquote>\n\n\n\n<hr class=\"wp-block-separator\"\/>\n\n\n\n<blockquote class=\"wp-block-quote\"><p>Ein ganzes Buch &#8211; Ein ganzes Leben.<\/p><p>&#8211; Marie von Ebner &#8211; Eschenbach<\/p><\/blockquote>\n\n\n\n<hr class=\"wp-block-separator\"\/>\n\n\n\n<blockquote class=\"wp-block-quote\"><p>Ein Haus ohne B\u00fccher ist arm, auch wenn sch\u00f6ne Teppiche seine B\u00f6den und kostbare Tapeten und Bilder die W\u00e4nde bedecken.<\/p><p>&#8211; Herman Hesse<\/p><\/blockquote>\n\n\n\n<hr class=\"wp-block-separator\"\/>\n\n\n\n<blockquote class=\"wp-block-quote\"><p>B\u00fccher haben Ehrgef\u00fchl. Wenn man sie verleiht, kommen sie nicht mehr zur\u00fcck.<\/p><p>&#8211; Theodor Fortane<\/p><\/blockquote>\n\n\n\n<hr class=\"wp-block-separator\"\/>\n\n\n\n<blockquote class=\"wp-block-quote\"><p>Der Umgang mit B\u00fcchern bringt die Leute um den Verstand.<\/p><p>&#8211; Erasmus von Rotterdam<\/p><\/blockquote>\n<\/div><\/div>\n\n\n\n<p><\/p>\n","protected":false},"excerpt":{"rendered":"","protected":false},"author":1,"featured_media":9,"parent":0,"menu_order":0,"comment_status":"closed","ping_status":"closed","template":"","meta":{"spay_email":""},"_links":{"self":[{"href":"https:\/\/magicofbooks.blog\/index.php?rest_route=\/wp\/v2\/pages\/41"}],"collection":[{"href":"https:\/\/magicofbooks.blog\/index.php?rest_route=\/wp\/v2\/pages"}],"about":[{"href":"https:\/\/magicofbooks.blog\/index.php?rest_route=\/wp\/v2\/types\/page"}],"author":[{"embeddable":true,"href":"https:\/\/magicofbooks.blog\/index.php?rest_route=\/wp\/v2\/users\/1"}],"replies":[{"embeddable":true,"href":"https:\/\/magicofbooks.blog\/index.php?rest_route=%2Fwp%2Fv2%2Fcomments&post=41"}],"version-history":[{"count":143,"href":"https:\/\/magicofbooks.blog\/index.php?rest_route=\/wp\/v2\/pages\/41\/revisions"}],"predecessor-version":[{"id":639,"href":"https:\/\/magicofbooks.blog\/index.php?rest_route=\/wp\/v2\/pages\/41\/revisions\/639"}],"wp:featuredmedia":[{"embeddable":true,"href":"https:\/\/magicofbooks.blog\/index.php?rest_route=\/wp\/v2\/media\/9"}],"wp:attachment":[{"href":"https:\/\/magicofbooks.blog\/index.php?rest_route=%2Fwp%2Fv2%2Fmedia&parent=41"}],"curies":[{"name":"wp","href":"https:\/\/api.w.org\/{rel}","templated":true}]}}